{"id":270,"date":"2019-08-20T20:58:21","date_gmt":"2019-08-21T00:58:21","guid":{"rendered":"http:\/\/test.tvc.qc.ca\/?page_id=270"},"modified":"2026-01-14T16:07:59","modified_gmt":"2026-01-14T21:07:59","slug":"bingo-2","status":"publish","type":"page","link":"https:\/\/tvc.qc.ca\/?page_id=270","title":{"rendered":"Bingo"},"content":{"rendered":"\t\t<div data-elementor-type=\"wp-page\" data-elementor-id=\"270\" class=\"elementor elementor-270\" data-elementor-settings=\"[]\">\n\t\t\t\t\t\t<div class=\"elementor-inner\">\n\t\t\t\t\t\t\t<div class=\"elementor-section-wrap\">\n\t\t\t\t\t\t\t<section class=\"elementor-section elementor-top-section elementor-element elementor-element-05418cb elementor-section-content-middle elementor-section-stretched elementor-section-height-min-height elementor-section-boxed elementor-section-height-default elementor-section-items-middle\" data-id=\"05418cb\" data-element_type=\"section\" data-settings=\"{&quot;background_background&quot;:&quot;classic&quot;,&quot;stretch_section&quot;:&quot;section-stretched&quot;}\">\n\t\t\t\t\t\t\t<div class=\"elementor-background-overlay\"><\/div>\n\t\t\t\t\t\t\t<div class=\"elementor-container elementor-column-gap-no\">\n\t\t\t\t\t\t\t<div class=\"elementor-row\">\n\t\t\t\t\t<div class=\"elementor-column elementor-col-100 elementor-top-column elementor-element elementor-element-79bdcb2\" data-id=\"79bdcb2\" data-element_type=\"column\">\n\t\t\t<div class=\"elementor-column-wrap elementor-element-populated\">\n\t\t\t\t\t\t\t<div class=\"elementor-widget-wrap\">\n\t\t\t\t\t\t<div class=\"elementor-element elementor-element-224e66b elementor-widget elementor-widget-heading\" data-id=\"224e66b\" data-element_type=\"widget\" data-widget_type=\"heading.default\">\n\t\t\t\t<div class=\"elementor-widget-container\">\n\t\t\t<h4 class=\"elementor-heading-title elementor-size-default\">Bingo - R\u00e8glements<\/h4>\t\t<\/div>\n\t\t\t\t<\/div>\n\t\t\t\t<div class=\"elementor-element elementor-element-6135f07 elementor-widget elementor-widget-text-editor\" data-id=\"6135f07\" data-element_type=\"widget\" data-widget_type=\"text-editor.default\">\n\t\t\t\t<div class=\"elementor-widget-container\">\n\t\t\t\t\t\t\t\t<div class=\"elementor-text-editor elementor-clearfix\">\n\t\t\t\t\tVous trouverez ci-dessous les r\u00e8glements du Bingo de la TVC Basse-Li\u00e8vre.\t\t\t\t\t<\/div>\n\t\t\t\t\t\t<\/div>\n\t\t\t\t<\/div>\n\t\t\t\t\t\t<\/div>\n\t\t\t\t\t<\/div>\n\t\t<\/div>\n\t\t\t\t\t\t\t\t<\/div>\n\t\t\t\t\t<\/div>\n\t\t<\/section>\n\t\t\t\t<section class=\"elementor-section elementor-top-section elementor-element elementor-element-4139c74d elementor-section-content-middle elementor-section-stretched elementor-section-full_width elementor-section-height-default elementor-section-height-default\" data-id=\"4139c74d\" data-element_type=\"section\" data-settings=\"{&quot;stretch_section&quot;:&quot;section-stretched&quot;}\">\n\t\t\t\t\t\t<div class=\"elementor-container elementor-column-gap-no\">\n\t\t\t\t\t\t\t<div class=\"elementor-row\">\n\t\t\t\t\t<div class=\"elementor-column elementor-col-100 elementor-top-column elementor-element elementor-element-2b4f37e8\" data-id=\"2b4f37e8\" data-element_type=\"column\">\n\t\t\t<div class=\"elementor-column-wrap elementor-element-populated\">\n\t\t\t\t\t\t\t<div class=\"elementor-widget-wrap\">\n\t\t\t\t\t\t<div class=\"elementor-element elementor-element-57a9aabb elementor-widget elementor-widget-toggle\" data-id=\"57a9aabb\" data-element_type=\"widget\" data-widget_type=\"toggle.default\">\n\t\t\t\t<div class=\"elementor-widget-container\">\n\t\t\t\t\t<div class=\"elementor-toggle\" role=\"tablist\">\n\t\t\t\t\t\t\t<div class=\"elementor-toggle-item\">\n\t\t\t\t\t<div id=\"elementor-tab-title-1471\" class=\"elementor-tab-title\" data-tab=\"1\" role=\"tab\" aria-controls=\"elementor-tab-content-1471\" aria-expanded=\"false\">\n\t\t\t\t\t\t\t\t\t\t\t\t<span class=\"elementor-toggle-icon elementor-toggle-icon-right\" aria-hidden=\"true\">\n\t\t\t\t\t\t\t\t\t\t\t\t\t\t\t<span class=\"elementor-toggle-icon-closed\"><i class=\"fas fa-caret-right\"><\/i><\/span>\n\t\t\t\t\t\t\t\t<span class=\"elementor-toggle-icon-opened\"><i class=\"elementor-toggle-icon-opened fas fa-caret-up\"><\/i><\/span>\n\t\t\t\t\t\t\t\t\t\t\t\t\t<\/span>\n\t\t\t\t\t\t\t\t\t\t\t\t<a href=\"\" class=\"elementor-toggle-title\">Comment jouer?<\/a>\n\t\t\t\t\t<\/div>\n\t\t\t\t\t<div id=\"elementor-tab-content-1471\" class=\"elementor-tab-content elementor-clearfix\" data-tab=\"1\" role=\"tabpanel\" aria-labelledby=\"elementor-tab-title-1471\"><p><span style=\"font-family: 'Open Sans', sans-serif;\">Les parties de bingo se jouent uniquement avec les cartes de la semaine du bingo TVC B-L Inc. Chaque carte sert pour chacun des tours jou\u00e9s \u00e0 la date indiqu\u00e9e sur la feuille. Le bingo est t\u00e9l\u00e9vis\u00e9 via le c\u00e2ble de Vid\u00e9otron sur Illico canal 9 et sur H\u00e9lix&nbsp;canal 10. Les parties de bingo ont lieu les mercredis soirs&nbsp;<\/span><span style=\"font-family: 'Open Sans', sans-serif;\">\u00e0 18h.<\/span><span style=\"font-family: 'Open Sans', sans-serif;\">&nbsp;Les joueurs doivent \u00eatre \u00e2g\u00e9s de 18 ans et plus.<\/span><\/p>\n<h3><font color=\"#222222\" face=\"Arial, Helvetica, sans-serif\" size=\"2\"><span style=\"background-color: rgb(255, 255, 255);\">Il est maintenant possible de nous \u00e9couter par l&rsquo;entremise notre site Internet. Veuillez cliquer sur l&rsquo;onglet &laquo; \u00c9coutez en direct &raquo;.<\/span><\/font><\/h3><\/div>\n\t\t\t\t<\/div>\n\t\t\t\t\t\t\t<div class=\"elementor-toggle-item\">\n\t\t\t\t\t<div id=\"elementor-tab-title-1472\" class=\"elementor-tab-title\" data-tab=\"2\" role=\"tab\" aria-controls=\"elementor-tab-content-1472\" aria-expanded=\"false\">\n\t\t\t\t\t\t\t\t\t\t\t\t<span class=\"elementor-toggle-icon elementor-toggle-icon-right\" aria-hidden=\"true\">\n\t\t\t\t\t\t\t\t\t\t\t\t\t\t\t<span class=\"elementor-toggle-icon-closed\"><i class=\"fas fa-caret-right\"><\/i><\/span>\n\t\t\t\t\t\t\t\t<span class=\"elementor-toggle-icon-opened\"><i class=\"elementor-toggle-icon-opened fas fa-caret-up\"><\/i><\/span>\n\t\t\t\t\t\t\t\t\t\t\t\t\t<\/span>\n\t\t\t\t\t\t\t\t\t\t\t\t<a href=\"\" class=\"elementor-toggle-title\">Que faire si on gagne?<\/a>\n\t\t\t\t\t<\/div>\n\t\t\t\t\t<div id=\"elementor-tab-content-1472\" class=\"elementor-tab-content elementor-clearfix\" data-tab=\"2\" role=\"tabpanel\" aria-labelledby=\"elementor-tab-title-1472\"><p>La personne gagnante t\u00e9l\u00e9phone imm\u00e9diatement au 819-281-8250 pour v\u00e9rification officielle en donnant son num\u00e9ro de contr\u00f4le situ\u00e9 au centre de la carte.\u00a0 Les cartes qui contiennent des erreurs d\u2019impression, ainsi que les reproductions ne sont pas admissibles. Les gagnants devront se pr\u00e9senter au bureau de la TVC B-L avec leur carte gagnante d\u00e8s le lendemain \u00e0 compter de 10h00 ou durant les heures r\u00e9guli\u00e8res d\u2019ouverture.\u00a0<\/p><\/div>\n\t\t\t\t<\/div>\n\t\t\t\t\t\t\t<div class=\"elementor-toggle-item\">\n\t\t\t\t\t<div id=\"elementor-tab-title-1473\" class=\"elementor-tab-title\" data-tab=\"3\" role=\"tab\" aria-controls=\"elementor-tab-content-1473\" aria-expanded=\"false\">\n\t\t\t\t\t\t\t\t\t\t\t\t<span class=\"elementor-toggle-icon elementor-toggle-icon-right\" aria-hidden=\"true\">\n\t\t\t\t\t\t\t\t\t\t\t\t\t\t\t<span class=\"elementor-toggle-icon-closed\"><i class=\"fas fa-caret-right\"><\/i><\/span>\n\t\t\t\t\t\t\t\t<span class=\"elementor-toggle-icon-opened\"><i class=\"elementor-toggle-icon-opened fas fa-caret-up\"><\/i><\/span>\n\t\t\t\t\t\t\t\t\t\t\t\t\t<\/span>\n\t\t\t\t\t\t\t\t\t\t\t\t<a href=\"\" class=\"elementor-toggle-title\">Que se passe-t-il s'il y a un gagnant?<\/a>\n\t\t\t\t\t<\/div>\n\t\t\t\t\t<div id=\"elementor-tab-content-1473\" class=\"elementor-tab-content elementor-clearfix\" data-tab=\"3\" role=\"tabpanel\" aria-labelledby=\"elementor-tab-title-1473\"><p>Aussit\u00f4t un premier bingo v\u00e9rifi\u00e9 sur nos ondes, un d\u00e9lai de 2 minutes sera accord\u00e9 pour la validation de d\u2019autres gagnants sur cette m\u00eame partie. Pour la derni\u00e8re partie du gros lot, un d\u00e9lai de 10 minutes sera exceptionnellement accord\u00e9.<\/p><\/div>\n\t\t\t\t<\/div>\n\t\t\t\t\t\t\t<div class=\"elementor-toggle-item\">\n\t\t\t\t\t<div id=\"elementor-tab-title-1474\" class=\"elementor-tab-title\" data-tab=\"4\" role=\"tab\" aria-controls=\"elementor-tab-content-1474\" aria-expanded=\"false\">\n\t\t\t\t\t\t\t\t\t\t\t\t<span class=\"elementor-toggle-icon elementor-toggle-icon-right\" aria-hidden=\"true\">\n\t\t\t\t\t\t\t\t\t\t\t\t\t\t\t<span class=\"elementor-toggle-icon-closed\"><i class=\"fas fa-caret-right\"><\/i><\/span>\n\t\t\t\t\t\t\t\t<span class=\"elementor-toggle-icon-opened\"><i class=\"elementor-toggle-icon-opened fas fa-caret-up\"><\/i><\/span>\n\t\t\t\t\t\t\t\t\t\t\t\t\t<\/span>\n\t\t\t\t\t\t\t\t\t\t\t\t<a href=\"\" class=\"elementor-toggle-title\">Que se passe-t-il s'Il y a plus d'un gagnant?<\/a>\n\t\t\t\t\t<\/div>\n\t\t\t\t\t<div id=\"elementor-tab-content-1474\" class=\"elementor-tab-content elementor-clearfix\" data-tab=\"4\" role=\"tabpanel\" aria-labelledby=\"elementor-tab-title-1474\"><p>S\u2019il y a plus d\u2019un gagnant le prix est partag\u00e9 \u00e0 parts \u00e9gales.\u00a0<\/p><\/div>\n\t\t\t\t<\/div>\n\t\t\t\t\t\t\t<div class=\"elementor-toggle-item\">\n\t\t\t\t\t<div id=\"elementor-tab-title-1475\" class=\"elementor-tab-title\" data-tab=\"5\" role=\"tab\" aria-controls=\"elementor-tab-content-1475\" aria-expanded=\"false\">\n\t\t\t\t\t\t\t\t\t\t\t\t<span class=\"elementor-toggle-icon elementor-toggle-icon-right\" aria-hidden=\"true\">\n\t\t\t\t\t\t\t\t\t\t\t\t\t\t\t<span class=\"elementor-toggle-icon-closed\"><i class=\"fas fa-caret-right\"><\/i><\/span>\n\t\t\t\t\t\t\t\t<span class=\"elementor-toggle-icon-opened\"><i class=\"elementor-toggle-icon-opened fas fa-caret-up\"><\/i><\/span>\n\t\t\t\t\t\t\t\t\t\t\t\t\t<\/span>\n\t\t\t\t\t\t\t\t\t\t\t\t<a href=\"\" class=\"elementor-toggle-title\">Que se passe-t-il s'il y a une panne?<\/a>\n\t\t\t\t\t<\/div>\n\t\t\t\t\t<div id=\"elementor-tab-content-1475\" class=\"elementor-tab-content elementor-clearfix\" data-tab=\"5\" role=\"tabpanel\" aria-labelledby=\"elementor-tab-title-1475\"><p>Advenant une panne g\u00e9n\u00e9rale du r\u00e9seau du T\u00e9l\u00e9distributeur ou d\u2019Hydro-Qu\u00e9bec, le bingo sera remis le vendredi soir, 18h00 pour les bingos du mercredi. Une p\u00e9riode d\u2019attente de 15 minutes sera toutefois respect\u00e9e afin de reprendre le bingo le m\u00eame soir si possible. Prenez note qu\u2019aucune carte ne sera remplac\u00e9e, ni aucun argent sera remis pour le bingo report\u00e9 au vendredi.<\/p><\/div>\n\t\t\t\t<\/div>\n\t\t\t\t\t\t\t<div class=\"elementor-toggle-item\">\n\t\t\t\t\t<div id=\"elementor-tab-title-1476\" class=\"elementor-tab-title\" data-tab=\"6\" role=\"tab\" aria-controls=\"elementor-tab-content-1476\" aria-expanded=\"false\">\n\t\t\t\t\t\t\t\t\t\t\t\t<span class=\"elementor-toggle-icon elementor-toggle-icon-right\" aria-hidden=\"true\">\n\t\t\t\t\t\t\t\t\t\t\t\t\t\t\t<span class=\"elementor-toggle-icon-closed\"><i class=\"fas fa-caret-right\"><\/i><\/span>\n\t\t\t\t\t\t\t\t<span class=\"elementor-toggle-icon-opened\"><i class=\"elementor-toggle-icon-opened fas fa-caret-up\"><\/i><\/span>\n\t\t\t\t\t\t\t\t\t\t\t\t\t<\/span>\n\t\t\t\t\t\t\t\t\t\t\t\t<a href=\"\" class=\"elementor-toggle-title\">Autres renseignements<\/a>\n\t\t\t\t\t<\/div>\n\t\t\t\t\t<div id=\"elementor-tab-content-1476\" class=\"elementor-tab-content elementor-clearfix\" data-tab=\"6\" role=\"tabpanel\" aria-labelledby=\"elementor-tab-title-1476\"><p>Les personnes impliqu\u00e9es hebdomadairement dans ce bingo ne sont pas admissibles pour jouer (selon les r\u00e8gles de la R\u00e9gie). La TVCBL se r\u00e9serve le droit de publier le nom des gagnants pour fin de publicit\u00e9. La d\u00e9cision des juges sera finale et sans appel.<\/p>\n<p><br><\/p><\/div>\n\t\t\t\t<\/div>\n\t\t\t\t\t\t\t<div class=\"elementor-toggle-item\">\n\t\t\t\t\t<div id=\"elementor-tab-title-1477\" class=\"elementor-tab-title\" data-tab=\"7\" role=\"tab\" aria-controls=\"elementor-tab-content-1477\" aria-expanded=\"false\">\n\t\t\t\t\t\t\t\t\t\t\t\t<span class=\"elementor-toggle-icon elementor-toggle-icon-right\" aria-hidden=\"true\">\n\t\t\t\t\t\t\t\t\t\t\t\t\t\t\t<span class=\"elementor-toggle-icon-closed\"><i class=\"fas fa-caret-right\"><\/i><\/span>\n\t\t\t\t\t\t\t\t<span class=\"elementor-toggle-icon-opened\"><i class=\"elementor-toggle-icon-opened fas fa-caret-up\"><\/i><\/span>\n\t\t\t\t\t\t\t\t\t\t\t\t\t<\/span>\n\t\t\t\t\t\t\t\t\t\t\t\t<a href=\"\" class=\"elementor-toggle-title\">Liste des marchands autoris\u00e9s<\/a>\n\t\t\t\t\t<\/div>\n\t\t\t\t\t<div id=\"elementor-tab-content-1477\" class=\"elementor-tab-content elementor-clearfix\" data-tab=\"7\" role=\"tabpanel\" aria-labelledby=\"elementor-tab-title-1477\"><p><span style=\"font-family: 'Open Sans', sans-serif;\">Pour jouer \u00e0 notre bingo, vous devez avoir en votre possession une carte dat\u00e9e de la bonne semaine et vendu par l\u2019un de nos marchands autoris\u00e9s. Les voici:<\/span><\/p>\n<p><span style=\"font-family: 'Open Sans', sans-serif;\">&nbsp;<\/span><\/p>\n<p><b>D\u00e9panneur Mauzeroll<\/b><\/p>\n<p>563 rue Belanger<\/p>\n<p>T\u00e9l.: 819-986-5592<\/p>\n<p><b>M\u00e9tro Plus Buckingham<\/b><\/p>\n<p>180 chemin L\u00e9pine<\/p>\n<p>T\u00e9l.: 819-986-5761<\/p>\n<p><b style=\"font-family: var( --e-global-typography-text-font-family ), Sans-serif;\">Depanneur Sincennes Enr.<\/b><\/p>\n<p>197 rue Joseph<\/p>\n<p>T\u00e9l.: 819-986-7977<\/p>\n<p><b>D\u00e9panneur Cit\u00e9 Des Jeunes<\/b><\/p>\n<p>300 rue Sauv\u00e9<\/p>\n<p>T\u00e9l.: 819-281-2667<\/p>\n<p><b>D\u00e9panneur Gibeau<\/b><\/p>\n<p>641 rue B\u00e9langer<\/p>\n<p>T\u00e9l.: 819-986-2060<\/p>\n<p><b>D\u00e9panneur 315<\/b><\/p>\n<p>1798 route 315<\/p>\n<p>T\u00e9l.: 819-281-8008<\/p>\n<p><b>Le Mini March\u00e9 Le Gros-Do<\/b><\/p>\n<p>791 rue Georges<\/p>\n<p>T\u00e9l.: 819-986-2613<\/p>\n<p><b>D\u00e9panneur Le Spot<\/b><\/p>\n<p>29 chemin de Montr\u00e9al Ouest<\/p>\n<p>T\u00e9l.: 819-986-6227<\/p>\n<p><b>D\u00e9panneur Beau-Soir Mi-Lou 148<\/b><\/p>\n<p>1143 ch de Montr\u00e9al Ouest<\/p>\n<p>T\u00e9l.: 819-986-1482<\/p>\n<p><b>IGA DeCotret-Brazeau<\/b><\/p>\n<p>1205 de Neuville<\/p>\n<p>T\u00e9l.: 819-986-3825<\/p>\n<p><b>Centre des aubaines<\/b><\/p>\n<p>3, rue de la Gare<\/p>\n<p>T\u00e9l.: 819-617-7792<\/p>\n<p><span style=\"font-family: var( --e-global-typography-text-font-family ), Sans-serif;\"><b>O Dep (Station service Harnois)<\/b><\/span><br><\/p>\n<p>660, avenue de Buckingham<\/p>\n<p>T\u00e9l: 819-986-8777<\/p>\n<p><b>D\u00e9panneur Voisin<\/b><\/p>\n<p>945, rue Georges<\/p>\n<p>T\u00e9l: 819-986-5602<\/p>\n<p><b>L&rsquo;Atelier du vin et Artisanats de p\u00eache&nbsp;<\/b><\/p>\n<p>163, rue Georges<\/p>\n<p>T\u00e9l: 819-281-7475<\/p>\n<p><b>Jean-Coutu (R\u00e9sidence Le Manoir)<\/b><\/p>\n<p>625, rue Georges<\/p>\n<p>T\u00e9l: 819-986-3316<\/p><\/div>\n\t\t\t\t<\/div>\n\t\t\t\t\t\t\t\t<\/div>\n\t\t\t\t<\/div>\n\t\t\t\t<\/div>\n\t\t\t\t\t\t<\/div>\n\t\t\t\t\t<\/div>\n\t\t<\/div>\n\t\t\t\t\t\t\t\t<\/div>\n\t\t\t\t\t<\/div>\n\t\t<\/section>\n\t\t\t\t\t\t<\/div>\n\t\t\t\t\t\t<\/div>\n\t\t\t\t\t<\/div>\n\t\t","protected":false},"excerpt":{"rendered":"<p>Bingo &#8211; R\u00e8glements Vous trouverez ci-dessous les r\u00e8glements du Bingo de la TVC Basse-Li\u00e8vre. Comment jouer? Les parties de bingo se jouent uniquement avec les cartes de la semaine du bingo TVC B-L Inc. Chaque carte sert pour chacun des tours jou\u00e9s \u00e0 la date indiqu\u00e9e sur la feuille. Le bingo est t\u00e9l\u00e9vis\u00e9 via le [&hellip;]<\/p>\n","protected":false},"author":3,"featured_media":0,"parent":0,"menu_order":0,"comment_status":"closed","ping_status":"closed","template":"elementor_header_footer","meta":[],"_links":{"self":[{"href":"https:\/\/tvc.qc.ca\/index.php?rest_route=\/wp\/v2\/pages\/270"}],"collection":[{"href":"https:\/\/tvc.qc.ca\/index.php?rest_route=\/wp\/v2\/pages"}],"about":[{"href":"https:\/\/tvc.qc.ca\/index.php?rest_route=\/wp\/v2\/types\/page"}],"author":[{"embeddable":true,"href":"https:\/\/tvc.qc.ca\/index.php?rest_route=\/wp\/v2\/users\/3"}],"replies":[{"embeddable":true,"href":"https:\/\/tvc.qc.ca\/index.php?rest_route=%2Fwp%2Fv2%2Fcomments&post=270"}],"version-history":[{"count":49,"href":"https:\/\/tvc.qc.ca\/index.php?rest_route=\/wp\/v2\/pages\/270\/revisions"}],"predecessor-version":[{"id":2878,"href":"https:\/\/tvc.qc.ca\/index.php?rest_route=\/wp\/v2\/pages\/270\/revisions\/2878"}],"wp:attachment":[{"href":"https:\/\/tvc.qc.ca\/index.php?rest_route=%2Fwp%2Fv2%2Fmedia&parent=270"}],"curies":[{"name":"wp","href":"https:\/\/api.w.org\/{rel}","templated":true}]}}