{"id":261,"date":"2019-08-20T20:46:33","date_gmt":"2019-08-21T00:46:33","guid":{"rendered":"http:\/\/test.tvc.qc.ca\/?page_id=261"},"modified":"2021-08-05T12:47:00","modified_gmt":"2021-08-05T16:47:00","slug":"a-propos-2","status":"publish","type":"page","link":"https:\/\/tvc.qc.ca\/?page_id=261","title":{"rendered":"\u00c0 propos"},"content":{"rendered":"\t\t<div data-elementor-type=\"wp-page\" data-elementor-id=\"261\" class=\"elementor elementor-261\" data-elementor-settings=\"[]\">\n\t\t\t\t\t\t<div class=\"elementor-inner\">\n\t\t\t\t\t\t\t<div class=\"elementor-section-wrap\">\n\t\t\t\t\t\t\t<section class=\"elementor-section elementor-top-section elementor-element elementor-element-6990dc9 elementor-section-content-middle elementor-section-stretched elementor-section-height-min-height elementor-section-boxed elementor-section-height-default elementor-section-items-middle\" data-id=\"6990dc9\" data-element_type=\"section\" data-settings=\"{&quot;background_background&quot;:&quot;classic&quot;,&quot;stretch_section&quot;:&quot;section-stretched&quot;}\">\n\t\t\t\t\t\t\t<div class=\"elementor-background-overlay\"><\/div>\n\t\t\t\t\t\t\t<div class=\"elementor-container elementor-column-gap-no\">\n\t\t\t\t\t\t\t<div class=\"elementor-row\">\n\t\t\t\t\t<div class=\"elementor-column elementor-col-100 elementor-top-column elementor-element elementor-element-7689de2\" data-id=\"7689de2\" data-element_type=\"column\">\n\t\t\t<div class=\"elementor-column-wrap elementor-element-populated\">\n\t\t\t\t\t\t\t<div class=\"elementor-widget-wrap\">\n\t\t\t\t\t\t<div class=\"elementor-element elementor-element-be63374 elementor-widget elementor-widget-heading\" data-id=\"be63374\" data-element_type=\"widget\" data-widget_type=\"heading.default\">\n\t\t\t\t<div class=\"elementor-widget-container\">\n\t\t\t<h4 class=\"elementor-heading-title elementor-size-default\">Historique<\/h4>\t\t<\/div>\n\t\t\t\t<\/div>\n\t\t\t\t<div class=\"elementor-element elementor-element-49814b0 elementor-widget elementor-widget-text-editor\" data-id=\"49814b0\" data-element_type=\"widget\" data-widget_type=\"text-editor.default\">\n\t\t\t\t<div class=\"elementor-widget-container\">\n\t\t\t\t\t\t\t\t<div class=\"elementor-text-editor elementor-clearfix\">\n\t\t\t\t\t<p>Depuis 1972, la TVC Basse-Li\u00e8vre dessert la ville de Buckingham. Elle offre une t\u00e9l\u00e9vision diff\u00e9rente et ax\u00e9e sur l\u2019information locale. Voici les faits marquants de pr\u00e8s de 50 ans d\u2019histoire.<\/p>\t\t\t\t\t<\/div>\n\t\t\t\t\t\t<\/div>\n\t\t\t\t<\/div>\n\t\t\t\t\t\t<\/div>\n\t\t\t\t\t<\/div>\n\t\t<\/div>\n\t\t\t\t\t\t\t\t<\/div>\n\t\t\t\t\t<\/div>\n\t\t<\/section>\n\t\t\t\t<section class=\"elementor-section elementor-top-section elementor-element elementor-element-7049823 elementor-section-boxed elementor-section-height-default elementor-section-height-default\" data-id=\"7049823\" data-element_type=\"section\">\n\t\t\t\t\t\t<div class=\"elementor-container elementor-column-gap-default\">\n\t\t\t\t\t\t\t<div class=\"elementor-row\">\n\t\t\t\t\t<div class=\"elementor-column elementor-col-100 elementor-top-column elementor-element elementor-element-8f927ac\" data-id=\"8f927ac\" data-element_type=\"column\">\n\t\t\t<div class=\"elementor-column-wrap elementor-element-populated\">\n\t\t\t\t\t\t\t<div class=\"elementor-widget-wrap\">\n\t\t\t\t\t\t<div class=\"elementor-element elementor-element-7859b50 elementor-widget elementor-widget-spacer\" data-id=\"7859b50\" data-element_type=\"widget\" data-widget_type=\"spacer.default\">\n\t\t\t\t<div class=\"elementor-widget-container\">\n\t\t\t\t\t<div class=\"elementor-spacer\">\n\t\t\t<div class=\"elementor-spacer-inner\"><\/div>\n\t\t<\/div>\n\t\t\t\t<\/div>\n\t\t\t\t<\/div>\n\t\t\t\t\t\t<\/div>\n\t\t\t\t\t<\/div>\n\t\t<\/div>\n\t\t\t\t\t\t\t\t<\/div>\n\t\t\t\t\t<\/div>\n\t\t<\/section>\n\t\t\t\t<section class=\"elementor-section elementor-top-section elementor-element elementor-element-3bc27625 elementor-section-boxed elementor-section-height-default elementor-section-height-default\" data-id=\"3bc27625\" data-element_type=\"section\">\n\t\t\t\t\t\t<div class=\"elementor-container elementor-column-gap-default\">\n\t\t\t\t\t\t\t<div class=\"elementor-row\">\n\t\t\t\t\t<div class=\"elementor-column elementor-col-50 elementor-top-column elementor-element elementor-element-455d8319\" data-id=\"455d8319\" data-element_type=\"column\">\n\t\t\t<div class=\"elementor-column-wrap elementor-element-populated\">\n\t\t\t\t\t\t\t<div class=\"elementor-widget-wrap\">\n\t\t\t\t\t\t<div class=\"elementor-element elementor-element-0573f2a elementor-widget elementor-widget-image\" data-id=\"0573f2a\" data-element_type=\"widget\" data-widget_type=\"image.default\">\n\t\t\t\t<div class=\"elementor-widget-container\">\n\t\t\t\t\t\t\t\t<div class=\"elementor-image\">\n\t\t\t\t\t\t\t\t\t\t\t\t<img width=\"1428\" height=\"959\" src=\"https:\/\/tvc.qc.ca\/wp-content\/uploads\/2021\/08\/Photo-1.jpg\" class=\"attachment-full size-full\" alt=\"\" loading=\"lazy\" srcset=\"https:\/\/tvc.qc.ca\/wp-content\/uploads\/2021\/08\/Photo-1.jpg 1428w, https:\/\/tvc.qc.ca\/wp-content\/uploads\/2021\/08\/Photo-1-300x201.jpg 300w, https:\/\/tvc.qc.ca\/wp-content\/uploads\/2021\/08\/Photo-1-1024x688.jpg 1024w, https:\/\/tvc.qc.ca\/wp-content\/uploads\/2021\/08\/Photo-1-768x516.jpg 768w, https:\/\/tvc.qc.ca\/wp-content\/uploads\/2021\/08\/Photo-1-16x12.jpg 16w\" sizes=\"(max-width: 1428px) 100vw, 1428px\" \/>\t\t\t\t\t\t\t\t\t\t\t\t\t\t<\/div>\n\t\t\t\t\t\t<\/div>\n\t\t\t\t<\/div>\n\t\t\t\t<div class=\"elementor-element elementor-element-0ea6f06 elementor-widget elementor-widget-text-editor\" data-id=\"0ea6f06\" data-element_type=\"widget\" data-widget_type=\"text-editor.default\">\n\t\t\t\t<div class=\"elementor-widget-container\">\n\t\t\t\t\t\t\t\t<div class=\"elementor-text-editor elementor-clearfix\">\n\t\t\t\t\t<p>La TVC voit le jour sous le nom de TVC 5 et diffuse sur le canal 5 du c\u00e2ble<\/p>\t\t\t\t\t<\/div>\n\t\t\t\t\t\t<\/div>\n\t\t\t\t<\/div>\n\t\t\t\t<div class=\"elementor-element elementor-element-413bd58d elementor-widget elementor-widget-heading\" data-id=\"413bd58d\" data-element_type=\"widget\" data-widget_type=\"heading.default\">\n\t\t\t\t<div class=\"elementor-widget-container\">\n\t\t\t<h4 class=\"elementor-heading-title elementor-size-default\">1973<\/h4>\t\t<\/div>\n\t\t\t\t<\/div>\n\t\t\t\t<div class=\"elementor-element elementor-element-a5730e0 elementor-widget elementor-widget-text-editor\" data-id=\"a5730e0\" data-element_type=\"widget\" data-widget_type=\"text-editor.default\">\n\t\t\t\t<div class=\"elementor-widget-container\">\n\t\t\t\t\t\t\t\t<div class=\"elementor-text-editor elementor-clearfix\">\n\t\t\t\t\t<p>Le 5 f\u00e9vrier 1973, TVC embauche Andr\u00e9 Soucy comme premier coordonnateur. Quelques ann\u00e9es plus tard, la ville de Masson est d\u00e9sormais reli\u00e9e au c\u00e2ble, et peut d\u00e9sormais voir les \u00e9missions produites par TVC 5.<\/p>\t\t\t\t\t<\/div>\n\t\t\t\t\t\t<\/div>\n\t\t\t\t<\/div>\n\t\t\t\t<div class=\"elementor-element elementor-element-2e294e8 elementor-widget elementor-widget-spacer\" data-id=\"2e294e8\" data-element_type=\"widget\" data-widget_type=\"spacer.default\">\n\t\t\t\t<div class=\"elementor-widget-container\">\n\t\t\t\t\t<div class=\"elementor-spacer\">\n\t\t\t<div class=\"elementor-spacer-inner\"><\/div>\n\t\t<\/div>\n\t\t\t\t<\/div>\n\t\t\t\t<\/div>\n\t\t\t\t<div class=\"elementor-element elementor-element-eb286b2 elementor-widget elementor-widget-image\" data-id=\"eb286b2\" data-element_type=\"widget\" data-widget_type=\"image.default\">\n\t\t\t\t<div class=\"elementor-widget-container\">\n\t\t\t\t\t\t\t\t<div class=\"elementor-image\">\n\t\t\t\t\t\t\t\t\t\t\t\t<img width=\"1692\" height=\"1119\" src=\"https:\/\/tvc.qc.ca\/wp-content\/uploads\/2021\/08\/Photo-3.jpg\" class=\"attachment-full size-full\" alt=\"\" loading=\"lazy\" srcset=\"https:\/\/tvc.qc.ca\/wp-content\/uploads\/2021\/08\/Photo-3.jpg 1692w, https:\/\/tvc.qc.ca\/wp-content\/uploads\/2021\/08\/Photo-3-300x198.jpg 300w, https:\/\/tvc.qc.ca\/wp-content\/uploads\/2021\/08\/Photo-3-1024x677.jpg 1024w, https:\/\/tvc.qc.ca\/wp-content\/uploads\/2021\/08\/Photo-3-768x508.jpg 768w, https:\/\/tvc.qc.ca\/wp-content\/uploads\/2021\/08\/Photo-3-1536x1016.jpg 1536w, https:\/\/tvc.qc.ca\/wp-content\/uploads\/2021\/08\/Photo-3-16x12.jpg 16w\" sizes=\"(max-width: 1692px) 100vw, 1692px\" \/>\t\t\t\t\t\t\t\t\t\t\t\t\t\t<\/div>\n\t\t\t\t\t\t<\/div>\n\t\t\t\t<\/div>\n\t\t\t\t<div class=\"elementor-element elementor-element-4dd778e elementor-widget elementor-widget-text-editor\" data-id=\"4dd778e\" data-element_type=\"widget\" data-widget_type=\"text-editor.default\">\n\t\t\t\t<div class=\"elementor-widget-container\">\n\t\t\t\t\t\t\t\t<div class=\"elementor-text-editor elementor-clearfix\">\n\t\t\t\t\t<p>Philippe Gendron, Jean-Pierre Trudel et Andr\u00e9 Soucy lors du Blitz 1982<\/p>\t\t\t\t\t<\/div>\n\t\t\t\t\t\t<\/div>\n\t\t\t\t<\/div>\n\t\t\t\t<div class=\"elementor-element elementor-element-338b8275 elementor-widget elementor-widget-heading\" data-id=\"338b8275\" data-element_type=\"widget\" data-widget_type=\"heading.default\">\n\t\t\t\t<div class=\"elementor-widget-container\">\n\t\t\t<h4 class=\"elementor-heading-title elementor-size-default\">2013<\/h4>\t\t<\/div>\n\t\t\t\t<\/div>\n\t\t\t\t<div class=\"elementor-element elementor-element-7f65245 elementor-widget elementor-widget-text-editor\" data-id=\"7f65245\" data-element_type=\"widget\" data-widget_type=\"text-editor.default\">\n\t\t\t\t<div class=\"elementor-widget-container\">\n\t\t\t\t\t\t\t\t<div class=\"elementor-text-editor elementor-clearfix\">\n\t\t\t\t\t<p>En 2013, la TVC franchit un pas \u00e9norme en passant de la technologie analogique au num\u00e9rique haute-d\u00e9finition. Elle produit d\u00e9sormais du contenu en HD et ses \u00e9missions sont diffus\u00e9es au canal 9 de Vid\u00e9otron ainsi qu\u2019au 609 sur les ondes de MAtv Outaouais. Ses \u00e9missions sont aussi accessibles sur internet gr\u00e2ce \u00e0 la plateforme de diffusion Youtube.<\/p>\t\t\t\t\t<\/div>\n\t\t\t\t\t\t<\/div>\n\t\t\t\t<\/div>\n\t\t\t\t\t\t<\/div>\n\t\t\t\t\t<\/div>\n\t\t<\/div>\n\t\t\t\t<div class=\"elementor-column elementor-col-50 elementor-top-column elementor-element elementor-element-2e3a68f3\" data-id=\"2e3a68f3\" data-element_type=\"column\">\n\t\t\t<div class=\"elementor-column-wrap elementor-element-populated\">\n\t\t\t\t\t\t\t<div class=\"elementor-widget-wrap\">\n\t\t\t\t\t\t<div class=\"elementor-element elementor-element-d23b833 elementor-widget elementor-widget-heading\" data-id=\"d23b833\" data-element_type=\"widget\" data-widget_type=\"heading.default\">\n\t\t\t\t<div class=\"elementor-widget-container\">\n\t\t\t<h4 class=\"elementor-heading-title elementor-size-default\">1972<\/h4>\t\t<\/div>\n\t\t\t\t<\/div>\n\t\t\t\t<div class=\"elementor-element elementor-element-499149a elementor-widget elementor-widget-text-editor\" data-id=\"499149a\" data-element_type=\"widget\" data-widget_type=\"text-editor.default\">\n\t\t\t\t<div class=\"elementor-widget-container\">\n\t\t\t\t\t\t\t\t<div class=\"elementor-text-editor elementor-clearfix\">\n\t\t\t\t\t<p>En Mars 1972, un comit\u00e9 de huit personnes lance l\u2019id\u00e9e d\u2019une t\u00e9l\u00e9vision communautaire pour desservir la ville de Buckingham. Au mois d\u2019avril, la TVC diffuse sa premi\u00e8re \u00e9mission au canal 5. D\u2019abord install\u00e9 sur la rue Principale \u00e0 Buckingham, le studio de TVC 5 d\u00e9m\u00e9nage au sous-sol du presbyt\u00e8re de la paroisse St-Gr\u00e9goire-de-Nazianze le 1er juin 1972 o\u00f9 elle se trouve encore aujourd\u2019hui.<\/p>\t\t\t\t\t<\/div>\n\t\t\t\t\t\t<\/div>\n\t\t\t\t<\/div>\n\t\t\t\t<div class=\"elementor-element elementor-element-63ccbc3 elementor-widget elementor-widget-spacer\" data-id=\"63ccbc3\" data-element_type=\"widget\" data-widget_type=\"spacer.default\">\n\t\t\t\t<div class=\"elementor-widget-container\">\n\t\t\t\t\t<div class=\"elementor-spacer\">\n\t\t\t<div class=\"elementor-spacer-inner\"><\/div>\n\t\t<\/div>\n\t\t\t\t<\/div>\n\t\t\t\t<\/div>\n\t\t\t\t<div class=\"elementor-element elementor-element-491d552f elementor-widget elementor-widget-image\" data-id=\"491d552f\" data-element_type=\"widget\" data-widget_type=\"image.default\">\n\t\t\t\t<div class=\"elementor-widget-container\">\n\t\t\t\t\t\t\t\t<div class=\"elementor-image\">\n\t\t\t\t\t\t\t\t\t\t\t\t<img width=\"900\" height=\"624\" src=\"https:\/\/tvc.qc.ca\/wp-content\/uploads\/2021\/08\/Photo-2-A-900x624.jpg\" class=\"attachment-sparkling-featured-fullwidth size-sparkling-featured-fullwidth\" alt=\"\" loading=\"lazy\" \/>\t\t\t\t\t\t\t\t\t\t\t\t\t\t<\/div>\n\t\t\t\t\t\t<\/div>\n\t\t\t\t<\/div>\n\t\t\t\t<div class=\"elementor-element elementor-element-d0cb0b2 elementor-widget elementor-widget-text-editor\" data-id=\"d0cb0b2\" data-element_type=\"widget\" data-widget_type=\"text-editor.default\">\n\t\t\t\t<div class=\"elementor-widget-container\">\n\t\t\t\t\t\t\t\t<div class=\"elementor-text-editor elementor-clearfix\">\n\t\t\t\t\t<p>Andr\u00e9 Soucy, premier coordonnateur de la station<\/p>\t\t\t\t\t<\/div>\n\t\t\t\t\t\t<\/div>\n\t\t\t\t<\/div>\n\t\t\t\t<div class=\"elementor-element elementor-element-581f7c5 elementor-widget elementor-widget-heading\" data-id=\"581f7c5\" data-element_type=\"widget\" data-widget_type=\"heading.default\">\n\t\t\t\t<div class=\"elementor-widget-container\">\n\t\t\t<h4 class=\"elementor-heading-title elementor-size-default\">1980<\/h4>\t\t<\/div>\n\t\t\t\t<\/div>\n\t\t\t\t<div class=\"elementor-element elementor-element-a89dd56 elementor-widget elementor-widget-text-editor\" data-id=\"a89dd56\" data-element_type=\"widget\" data-widget_type=\"text-editor.default\">\n\t\t\t\t<div class=\"elementor-widget-container\">\n\t\t\t\t\t\t\t\t<div class=\"elementor-text-editor elementor-clearfix\">\n\t\t\t\t\t<p>Les premi\u00e8res \u00e9missions couleurs sont pr\u00e9sent\u00e9es en 1980. Trois ans plus tard, elles seront d\u00e9sormais diffus\u00e9es au canal 3. TVC 5 change de nom pour devenir B.M-A. Inc. en 1993. La station change de nom une fois de plus en 2009 pour devenir TVC Basse-Li\u00e8vre.<\/p>\t\t\t\t\t<\/div>\n\t\t\t\t\t\t<\/div>\n\t\t\t\t<\/div>\n\t\t\t\t<div class=\"elementor-element elementor-element-18c31fe elementor-widget elementor-widget-spacer\" data-id=\"18c31fe\" data-element_type=\"widget\" data-widget_type=\"spacer.default\">\n\t\t\t\t<div class=\"elementor-widget-container\">\n\t\t\t\t\t<div class=\"elementor-spacer\">\n\t\t\t<div class=\"elementor-spacer-inner\"><\/div>\n\t\t<\/div>\n\t\t\t\t<\/div>\n\t\t\t\t<\/div>\n\t\t\t\t<div class=\"elementor-element elementor-element-2e31406 elementor-widget elementor-widget-image\" data-id=\"2e31406\" data-element_type=\"widget\" data-widget_type=\"image.default\">\n\t\t\t\t<div class=\"elementor-widget-container\">\n\t\t\t\t\t\t\t\t<div class=\"elementor-image\">\n\t\t\t\t\t\t\t\t\t\t\t\t<img src=\"http:\/\/bis1e.hosts.cx\/wp-content\/uploads\/2019\/08\/Photo-2-B-3.jpg\" title=\"\" alt=\"\" \/>\t\t\t\t\t\t\t\t\t\t\t\t\t\t<\/div>\n\t\t\t\t\t\t<\/div>\n\t\t\t\t<\/div>\n\t\t\t\t<div class=\"elementor-element elementor-element-3c8d29e elementor-widget elementor-widget-text-editor\" data-id=\"3c8d29e\" data-element_type=\"widget\" data-widget_type=\"text-editor.default\">\n\t\t\t\t<div class=\"elementor-widget-container\">\n\t\t\t\t\t\t\t\t<div class=\"elementor-text-editor elementor-clearfix\">\n\t\t\t\t\t\t\t\t\t\t<\/div>\n\t\t\t\t\t\t<\/div>\n\t\t\t\t<\/div>\n\t\t\t\t\t\t<\/div>\n\t\t\t\t\t<\/div>\n\t\t<\/div>\n\t\t\t\t\t\t\t\t<\/div>\n\t\t\t\t\t<\/div>\n\t\t<\/section>\n\t\t\t\t<section class=\"elementor-section elementor-top-section elementor-element elementor-element-376ab5f elementor-section-boxed elementor-section-height-default elementor-section-height-default\" data-id=\"376ab5f\" data-element_type=\"section\">\n\t\t\t\t\t\t<div class=\"elementor-container elementor-column-gap-default\">\n\t\t\t\t\t\t\t<div class=\"elementor-row\">\n\t\t\t\t\t<div class=\"elementor-column elementor-col-100 elementor-top-column elementor-element elementor-element-41de62a\" data-id=\"41de62a\" data-element_type=\"column\">\n\t\t\t<div class=\"elementor-column-wrap elementor-element-populated\">\n\t\t\t\t\t\t\t<div class=\"elementor-widget-wrap\">\n\t\t\t\t\t\t<div class=\"elementor-element elementor-element-afe733b elementor-widget elementor-widget-spacer\" data-id=\"afe733b\" data-element_type=\"widget\" data-widget_type=\"spacer.default\">\n\t\t\t\t<div class=\"elementor-widget-container\">\n\t\t\t\t\t<div class=\"elementor-spacer\">\n\t\t\t<div class=\"elementor-spacer-inner\"><\/div>\n\t\t<\/div>\n\t\t\t\t<\/div>\n\t\t\t\t<\/div>\n\t\t\t\t\t\t<\/div>\n\t\t\t\t\t<\/div>\n\t\t<\/div>\n\t\t\t\t\t\t\t\t<\/div>\n\t\t\t\t\t<\/div>\n\t\t<\/section>\n\t\t\t\t\t\t<\/div>\n\t\t\t\t\t\t<\/div>\n\t\t\t\t\t<\/div>\n\t\t","protected":false},"excerpt":{"rendered":"<p>Historique Depuis 1972, la TVC Basse-Li\u00e8vre dessert la ville de Buckingham. Elle offre une t\u00e9l\u00e9vision diff\u00e9rente et ax\u00e9e sur l\u2019information locale. Voici les faits marquants de pr\u00e8s de 50 ans d\u2019histoire. La TVC voit le jour sous le nom de TVC 5 et diffuse sur le canal 5 du c\u00e2ble 1973 Le 5 f\u00e9vrier 1973, [&hellip;]<\/p>\n","protected":false},"author":3,"featured_media":0,"parent":0,"menu_order":0,"comment_status":"closed","ping_status":"closed","template":"elementor_header_footer","meta":[],"_links":{"self":[{"href":"https:\/\/tvc.qc.ca\/index.php?rest_route=\/wp\/v2\/pages\/261"}],"collection":[{"href":"https:\/\/tvc.qc.ca\/index.php?rest_route=\/wp\/v2\/pages"}],"about":[{"href":"https:\/\/tvc.qc.ca\/index.php?rest_route=\/wp\/v2\/types\/page"}],"author":[{"embeddable":true,"href":"https:\/\/tvc.qc.ca\/index.php?rest_route=\/wp\/v2\/users\/3"}],"replies":[{"embeddable":true,"href":"https:\/\/tvc.qc.ca\/index.php?rest_route=%2Fwp%2Fv2%2Fcomments&post=261"}],"version-history":[{"count":4,"href":"https:\/\/tvc.qc.ca\/index.php?rest_route=\/wp\/v2\/pages\/261\/revisions"}],"predecessor-version":[{"id":1757,"href":"https:\/\/tvc.qc.ca\/index.php?rest_route=\/wp\/v2\/pages\/261\/revisions\/1757"}],"wp:attachment":[{"href":"https:\/\/tvc.qc.ca\/index.php?rest_route=%2Fwp%2Fv2%2Fmedia&parent=261"}],"curies":[{"name":"wp","href":"https:\/\/api.w.org\/{rel}","templated":true}]}}